{"id":2846,"date":"2023-11-26T17:30:38","date_gmt":"2023-11-26T16:30:38","guid":{"rendered":"https:\/\/coopbionacre.fr\/?page_id=2846"},"modified":"2026-01-05T11:39:49","modified_gmt":"2026-01-05T10:39:49","slug":"cooperer","status":"publish","type":"page","link":"https:\/\/coopbionacre.fr\/index.php\/cooperer\/","title":{"rendered":"Coop\u00e9rer"},"content":{"rendered":"\n<div class=\"wp-block-columns alignwide is-layout-flex wp-container-core-columns-is-layout-28f84493 wp-block-columns-is-layout-flex\">\n<div class=\"wp-block-column is-layout-flow wp-block-column-is-layout-flow\">\n<h4 class=\"wp-block-heading has-text-align-center has-background has-medium-font-size\" style=\"background-color:#cfe2e3;text-transform:uppercase\"><strong>COMMENT DEVENIR COOP\u00c9RATEUR ?<\/strong><\/h4>\n\n\n\n<div class=\"wp-block-group has-global-padding is-layout-constrained wp-block-group-is-layout-constrained\">\n<p>Tout adh\u00e9rent.e-coop\u00e9ratrice\/teur b\u00e9n\u00e9ficie des services offerts par le magasin, <br>en contrepartie, celui-ci rend service \u00e0 la coop\u00e9rative par son <strong>b\u00e9n\u00e9volat de Trois heures par an au minimum<\/strong>.<\/p>\n\n\n\n<p>Pour devenir adh\u00e9rent.e.s, il faut :<br>\u2013 r\u00e9gler une <strong>adh\u00e9sion annuelle d\u2019un montant de 12 \u20ac<\/strong>,<br>\u2013 souscrire <strong>une ou plusieurs parts sociales<\/strong> d\u2019un montant de 25 \u20ac (r\u00e9cup\u00e9rable \u00e0 votre d\u00e9part de la Coop).<\/p>\n\n\n\n<p class=\"has-text-align-left\">Chaque coop\u00e9ratrice\/teur repr\u00e9sente une voix en assembl\u00e9e g\u00e9n\u00e9rale quel que soit le nombre de parts sociales poss\u00e9d\u00e9es. La ou les parts sociales sont revers\u00e9es au d\u00e9part du coop\u00e9rateur.<\/p>\n<\/div>\n<\/div>\n<\/div>\n\n\n\n<h2 class=\"wp-block-heading alignwide has-text-align-center has-text-color has-link-color has-medium-font-size wp-elements-e043d4234a986615d3c1f6d1f85e7894\" style=\"color:#0b878f\">Quelques moments de la vie de la Coop<\/h2>\n\n\n\n<figure class=\"wp-block-gallery aligncenter has-nested-images columns-default is-cropped wp-block-gallery-2 is-layout-flex wp-block-gallery-is-layout-flex\">\n<figure class=\"wp-block-image size-full\"><img loading=\"lazy\" decoding=\"async\" width=\"288\" height=\"288\" data-id=\"2696\" src=\"https:\/\/coopbionacre.fr\/wp-content\/uploads\/2023\/11\/photo-12-680x288-1-edited.png\" alt=\"\" class=\"wp-image-2696\" srcset=\"https:\/\/coopbionacre.fr\/wp-content\/uploads\/2023\/11\/photo-12-680x288-1-edited.png 288w, https:\/\/coopbionacre.fr\/wp-content\/uploads\/2023\/11\/photo-12-680x288-1-edited-150x150.png 150w\" sizes=\"auto, (max-width: 288px) 100vw, 288px\" \/><figcaption class=\"wp-element-caption\">Ap\u00e9ritif de l&rsquo;\u00e9t\u00e9<\/figcaption><\/figure>\n\n\n\n<figure class=\"wp-block-image size-medium\"><img loading=\"lazy\" decoding=\"async\" width=\"224\" height=\"300\" data-id=\"2853\" src=\"https:\/\/coopbionacre.fr\/wp-content\/uploads\/2023\/11\/lescale-local1-e1701015921633-224x300.jpg\" alt=\"\" class=\"wp-image-2853\" srcset=\"https:\/\/coopbionacre.fr\/wp-content\/uploads\/2023\/11\/lescale-local1-e1701015921633-224x300.jpg 224w, https:\/\/coopbionacre.fr\/wp-content\/uploads\/2023\/11\/lescale-local1-e1701015921633-766x1024.jpg 766w, https:\/\/coopbionacre.fr\/wp-content\/uploads\/2023\/11\/lescale-local1-e1701015921633-768x1027.jpg 768w, https:\/\/coopbionacre.fr\/wp-content\/uploads\/2023\/11\/lescale-local1-e1701015921633.jpg 921w\" sizes=\"auto, (max-width: 224px) 100vw, 224px\" \/><figcaption class=\"wp-element-caption\">Atelier \u00e0 l&rsquo;Escale<\/figcaption><\/figure>\n\n\n\n<figure class=\"wp-block-image size-medium\"><img loading=\"lazy\" decoding=\"async\" width=\"300\" height=\"225\" data-id=\"2849\" src=\"https:\/\/coopbionacre.fr\/wp-content\/uploads\/2023\/11\/inventaire-1-300x225.jpg\" alt=\"\" class=\"wp-image-2849\" srcset=\"https:\/\/coopbionacre.fr\/wp-content\/uploads\/2023\/11\/inventaire-1-300x225.jpg 300w, https:\/\/coopbionacre.fr\/wp-content\/uploads\/2023\/11\/inventaire-1-1024x768.jpg 1024w, https:\/\/coopbionacre.fr\/wp-content\/uploads\/2023\/11\/inventaire-1-768x576.jpg 768w, https:\/\/coopbionacre.fr\/wp-content\/uploads\/2023\/11\/inventaire-1-1536x1152.jpg 1536w, https:\/\/coopbionacre.fr\/wp-content\/uploads\/2023\/11\/inventaire-1-1320x990.jpg 1320w, https:\/\/coopbionacre.fr\/wp-content\/uploads\/2023\/11\/inventaire-1.jpg 2048w\" sizes=\"auto, (max-width: 300px) 100vw, 300px\" \/><figcaption class=\"wp-element-caption\">Inventaire<\/figcaption><\/figure>\n\n\n\n<figure class=\"wp-block-image size-medium\"><img loading=\"lazy\" decoding=\"async\" width=\"300\" height=\"225\" data-id=\"2850\" src=\"https:\/\/coopbionacre.fr\/wp-content\/uploads\/2023\/11\/mise-en-rayon-1-300x225.jpg\" alt=\"\" class=\"wp-image-2850\" srcset=\"https:\/\/coopbionacre.fr\/wp-content\/uploads\/2023\/11\/mise-en-rayon-1-300x225.jpg 300w, https:\/\/coopbionacre.fr\/wp-content\/uploads\/2023\/11\/mise-en-rayon-1-1024x768.jpg 1024w, https:\/\/coopbionacre.fr\/wp-content\/uploads\/2023\/11\/mise-en-rayon-1-768x576.jpg 768w, https:\/\/coopbionacre.fr\/wp-content\/uploads\/2023\/11\/mise-en-rayon-1.jpg 1200w\" sizes=\"auto, (max-width: 300px) 100vw, 300px\" \/><figcaption class=\"wp-element-caption\">Mise en rayon<\/figcaption><\/figure>\n\n\n\n<figure class=\"wp-block-image size-medium\"><img loading=\"lazy\" decoding=\"async\" width=\"300\" height=\"225\" data-id=\"2851\" src=\"https:\/\/coopbionacre.fr\/wp-content\/uploads\/2023\/11\/mise-en-rayon-etiquetage-300x225.jpg\" alt=\"\" class=\"wp-image-2851\" srcset=\"https:\/\/coopbionacre.fr\/wp-content\/uploads\/2023\/11\/mise-en-rayon-etiquetage-300x225.jpg 300w, https:\/\/coopbionacre.fr\/wp-content\/uploads\/2023\/11\/mise-en-rayon-etiquetage-1024x768.jpg 1024w, https:\/\/coopbionacre.fr\/wp-content\/uploads\/2023\/11\/mise-en-rayon-etiquetage-768x576.jpg 768w, https:\/\/coopbionacre.fr\/wp-content\/uploads\/2023\/11\/mise-en-rayon-etiquetage.jpg 1200w\" sizes=\"auto, (max-width: 300px) 100vw, 300px\" \/><figcaption class=\"wp-element-caption\">\u00c9tiquetage<\/figcaption><\/figure>\n\n\n\n<figure class=\"wp-block-image size-medium\"><img loading=\"lazy\" decoding=\"async\" width=\"300\" height=\"257\" data-id=\"2852\" src=\"https:\/\/coopbionacre.fr\/wp-content\/uploads\/2023\/11\/AG-2022-e1701015837981-300x257.jpg\" alt=\"\" class=\"wp-image-2852\" srcset=\"https:\/\/coopbionacre.fr\/wp-content\/uploads\/2023\/11\/AG-2022-e1701015837981-300x257.jpg 300w, https:\/\/coopbionacre.fr\/wp-content\/uploads\/2023\/11\/AG-2022-e1701015837981-768x658.jpg 768w, https:\/\/coopbionacre.fr\/wp-content\/uploads\/2023\/11\/AG-2022-e1701015837981.jpg 840w\" sizes=\"auto, (max-width: 300px) 100vw, 300px\" \/><figcaption class=\"wp-element-caption\">AG annuelle<\/figcaption><\/figure>\n<\/figure>\n\n\n\n<div style=\"height:40px\" aria-hidden=\"true\" class=\"wp-block-spacer\"><\/div>\n\n\n\n<div class=\"wp-block-columns alignwide is-layout-flex wp-container-core-columns-is-layout-47c41a37 wp-block-columns-is-layout-flex\" style=\"border-style:none;border-width:0px;margin-top:0;margin-bottom:0;padding-top:0;padding-right:0;padding-bottom:0;padding-left:0\">\n<div class=\"wp-block-column is-layout-flow wp-block-column-is-layout-flow\">\n<h4 class=\"wp-block-heading has-text-align-center has-background has-medium-font-size\" style=\"background-color:#cfe2e3\"><strong>VIVRE ET FAIRE VIVRE LA COOP\u00c9RATIVE<\/strong><\/h4>\n\n\n\n<div class=\"wp-block-group has-global-padding is-layout-constrained wp-block-group-is-layout-constrained\">\n<p class=\"has-text-align-left\"><strong>Principe de l\u2019\u00e9change de services<\/strong><br>Diverses t\u00e2ches peuvent \u00eatre effectu\u00e9es par les coop\u00e9rateurs sur la base du B\u00c9N\u00c9VOLAT :<\/p>\n\n\n\n<p class=\"has-text-align-left\" style=\"font-size:clamp(0.875rem, 0.875rem + ((1vw - 0.2rem) * 0.045), 0.9rem);\"><em>\u2013 Relation avec les coop\u00e9rateurs,<br>\u2013 suivi des producteurs, des transformateurs, des fournisseurs de la fili\u00e8re Agro\u00e9cologiques.<br>\u2013 V\u00e9rification des labels, certifications, contr\u00f4le qualit\u00e9 Bio et conversion<br>\u2013 Commande des marchandises<br>\u2013 R\u00e9ception des commandes<br>\u2013 Conditionnement : emballage, \u00e9tiquetage<br>\u2013 Mise en rayon<br>\u2013 Tenue de la caisse<br>\u2013 Entretien des locaux<br>\u2013 Comptabilit\u00e9\/gestion<br>\u2013 Administration, etc.<\/em><\/p>\n\n\n\n<p class=\"has-text-align-left\">Ces multiples activit\u00e9s sont l\u2019occasion d\u2019\u00e9changer les savoirs, les connaissances et les comp\u00e9tences de chacun.e de fa\u00e7on ludique et conviviale.<\/p>\n<\/div>\n<\/div>\n\n\n\n<div class=\"wp-block-column is-layout-flow wp-block-column-is-layout-flow\">\n<h4 class=\"wp-block-heading has-text-align-center has-background has-medium-font-size\" style=\"background-color:#cfe2e3\"><strong>ESPRIT COOP\u00c9RATIF ET \u00c9COLOGIQUE<\/strong><\/h4>\n\n\n\n<p><br><strong>D\u00e9bats\/ Stages : <\/strong>La coop\u00e9rative est un lieu ressource qui se d\u00e9veloppe en information sur les th\u00e8mes de l\u2019\u00e9cologisation, l\u2019\u00e9conomie, les politiques \u00e9nerg\u00e9tiques, le d\u00e9veloppement soutenable, la mondialisation, la sant\u00e9, l\u2019alimentation, la di\u00e9t\u00e9tique, la cuisine\u2026<\/p>\n\n\n\n<p><strong>Visites\/ Rencontres <\/strong>: La coop\u00e9rative peut-\u00eatre le moyen de rencontrer sur le terrain les acteurs de la fili\u00e8re agro\u00e9cologique : paysans, artisans, etc.<\/p>\n\n\n\n<p><strong>\u00c9changer\/ Informer :<\/strong> La coop\u00e9rative favorise le lien social. Elle permet la r\u00e9flexion, la mise en commun et la d\u00e9cision sur le th\u00e8me du \u00abchanger de comportement, consommer autrement\u00bb.<\/p>\n<\/div>\n<\/div>\n","protected":false},"excerpt":{"rendered":"<p>COMMENT DEVENIR COOP\u00c9RATEUR ? Tout adh\u00e9rent.e-coop\u00e9ratrice\/teur b\u00e9n\u00e9ficie des services offerts par le magasin, en contrepartie, celui-ci rend service \u00e0 la coop\u00e9rative par son b\u00e9n\u00e9volat de Trois heures par an au minimum. Pour devenir adh\u00e9rent.e.s, il faut :\u2013 r\u00e9gler une adh\u00e9sion annuelle d\u2019un montant de 12 \u20ac,\u2013 souscrire une ou plusieurs parts sociales d\u2019un montant de [&hellip;]<\/p>\n","protected":false},"author":1,"featured_media":0,"parent":0,"menu_order":0,"comment_status":"closed","ping_status":"closed","template":"","meta":{"_uag_custom_page_level_css":"","footnotes":""},"class_list":["post-2846","page","type-page","status-publish","hentry"],"uagb_featured_image_src":{"full":false,"thumbnail":false,"medium":false,"medium_large":false,"large":false,"1536x1536":false,"2048x2048":false,"mailpoet_newsletter_max":false},"uagb_author_info":{"display_name":"admin1042","author_link":"https:\/\/coopbionacre.fr\/index.php\/author\/admin1042\/"},"uagb_comment_info":0,"uagb_excerpt":"COMMENT DEVENIR COOP\u00c9RATEUR ? Tout adh\u00e9rent.e-coop\u00e9ratrice\/teur b\u00e9n\u00e9ficie des services offerts par le magasin, en contrepartie, celui-ci rend service \u00e0 la coop\u00e9rative par son b\u00e9n\u00e9volat de Trois heures par an au minimum. Pour devenir adh\u00e9rent.e.s, il faut :\u2013 r\u00e9gler une adh\u00e9sion annuelle d\u2019un montant de 12 \u20ac,\u2013 souscrire une ou plusieurs parts sociales d\u2019un montant de\u2026","_links":{"self":[{"href":"https:\/\/coopbionacre.fr\/index.php\/wp-json\/wp\/v2\/pages\/2846","targetHints":{"allow":["GET"]}}],"collection":[{"href":"https:\/\/coopbionacre.fr\/index.php\/wp-json\/wp\/v2\/pages"}],"about":[{"href":"https:\/\/coopbionacre.fr\/index.php\/wp-json\/wp\/v2\/types\/page"}],"author":[{"embeddable":true,"href":"https:\/\/coopbionacre.fr\/index.php\/wp-json\/wp\/v2\/users\/1"}],"replies":[{"embeddable":true,"href":"https:\/\/coopbionacre.fr\/index.php\/wp-json\/wp\/v2\/comments?post=2846"}],"version-history":[{"count":0,"href":"https:\/\/coopbionacre.fr\/index.php\/wp-json\/wp\/v2\/pages\/2846\/revisions"}],"wp:attachment":[{"href":"https:\/\/coopbionacre.fr\/index.php\/wp-json\/wp\/v2\/media?parent=2846"}],"curies":[{"name":"wp","href":"https:\/\/api.w.org\/{rel}","templated":true}]}}